{"id":7119,"date":"2024-02-26T16:16:46","date_gmt":"2024-02-26T15:16:46","guid":{"rendered":"https:\/\/caselaparks.com\/cookie-policy\/"},"modified":"2024-12-18T16:13:47","modified_gmt":"2024-12-18T15:13:47","slug":"cookie-policy","status":"publish","type":"page","link":"https:\/\/caselaparks.com\/fr\/cookie-policy\/","title":{"rendered":"Cookie Policy"},"content":{"rendered":"\t\t<div data-elementor-type=\"wp-page\" data-elementor-id=\"7119\" class=\"elementor elementor-7119 elementor-113\" data-elementor-post-type=\"page\">\n\t\t\t\t<div class=\"elementor-element elementor-element-6bbeed7e banner-about-us banner-wrap custom-banner-wrap casela-banner-wrap banner-wrap--medium banner-wrap--with-booking-widget e-flex e-con-boxed e-con e-parent\" data-id=\"6bbeed7e\" data-element_type=\"container\" data-e-type=\"container\" data-settings=\"{&quot;background_background&quot;:&quot;classic&quot;}\">\n\t\t\t\t\t<div class=\"e-con-inner\">\n\t\t<div class=\"elementor-element elementor-element-6b0ae869 e-flex e-con-boxed e-con e-child\" data-id=\"6b0ae869\" data-element_type=\"container\" data-e-type=\"container\">\n\t\t\t\t\t<div class=\"e-con-inner\">\n\t\t<div class=\"elementor-element elementor-element-cf6363f p-rel e-flex e-con-boxed e-con e-child\" data-id=\"cf6363f\" data-element_type=\"container\" data-e-type=\"container\">\n\t\t\t\t\t<div class=\"e-con-inner\">\n\t\t\t\t<div class=\"elementor-element elementor-element-7d895545 elementor-widget elementor-widget-heading\" data-id=\"7d895545\" data-element_type=\"widget\" data-e-type=\"widget\" data-widget_type=\"heading.default\">\n\t\t\t\t<div class=\"elementor-widget-container\">\n\t\t\t\t\t<h2 class=\"elementor-heading-title elementor-size-default\">Politique relative aux cookies<\/h2>\t\t\t\t<\/div>\n\t\t\t\t<\/div>\n\t\t\t\t<div class=\"elementor-element elementor-element-464a4388 elementor-align-center breadcrumbs breadcrumbs--abs breadcrumbs--with-widget elementor-widget elementor-widget-breadcrumbs\" data-id=\"464a4388\" data-element_type=\"widget\" data-e-type=\"widget\" data-widget_type=\"breadcrumbs.default\">\n\t\t\t\t<div class=\"elementor-widget-container\">\n\t\t\t\t\t<div id=\"breadcrumbs\"><span><span><a href=\"https:\/\/caselaparks.com\/fr\/\">Accueil<\/a><\/span><\/span><\/div>\t\t\t\t<\/div>\n\t\t\t\t<\/div>\n\t\t\t\t\t<\/div>\n\t\t\t\t<\/div>\n\t\t\t\t\t<\/div>\n\t\t\t\t<\/div>\n\t\t\t\t\t<\/div>\n\t\t\t\t<\/div>\n\t\t<div class=\"elementor-element elementor-element-29d77f77 e-flex e-con-boxed e-con e-parent\" data-id=\"29d77f77\" data-element_type=\"container\" data-e-type=\"container\">\n\t\t\t\t\t<div class=\"e-con-inner\">\n\t\t\t\t<div class=\"elementor-element elementor-element-7c388be8 elementor-widget elementor-widget-text-editor\" data-id=\"7c388be8\" data-element_type=\"widget\" data-e-type=\"widget\" data-widget_type=\"text-editor.default\">\n\t\t\t\t<div class=\"elementor-widget-container\">\n\t\t\t\t\t\t\t\t\t<p>Conform\u00e9ment \u00e0 la l\u00e9gislation locale et \u00e0 la l\u00e9gislation internationale applicable, Medine a publi\u00e9 la politique suivante en mati\u00e8re de cookies.<\/p><p>Lorsque vous visitez notre site web, nous utilisons des cookies pour vous garantir une exp\u00e9rience optimale. Ces cookies peuvent porter sur vous, vos pr\u00e9f\u00e9rences ou votre appareil.<\/p><p>En g\u00e9n\u00e9ral, ces informations ne permettent pas de vous identifier directement, mais elles peuvent vous offrir une exp\u00e9rience web plus personnalis\u00e9e.<\/p><p>Parce que nous respectons votre droit \u00e0 la vie priv\u00e9e, vous pouvez choisir de ne pas autoriser certains types de cookies. Cliquez sur les titres des diff\u00e9rentes cat\u00e9gories pour en savoir plus et modifier nos param\u00e8tres par d\u00e9faut.<\/p><p>Toutefois, le blocage de certains types de cookies peut avoir une incidence sur votre exp\u00e9rience du site et sur les services que nous sommes en mesure d&rsquo;offrir. Pour plus d&rsquo;informations sur la mani\u00e8re dont nous traitons vos donn\u00e9es personnelles et sur les cookies que nous utilisons, veuillez cliquer sur \u00ab Politique de confidentialit\u00e9 \u00bb.<\/p><p>Nous devrons utiliser un cookie pour m\u00e9moriser les choix que vous avez faits dans notre gestionnaire de confidentialit\u00e9 des cookies. Cela signifie que :<\/p><p>&#8211; Si vous supprimez tous vos cookies, vous devrez \u00e0 nouveau mettre \u00e0 jour vos pr\u00e9f\u00e9rences avec nous.<\/p><p>&#8211; Si vous utilisez un appareil ou un navigateur diff\u00e9rent, vous devrez \u00e0 nouveau nous communiquer vos pr\u00e9f\u00e9rences.<\/p><h2>QUE SONT LES COOKIES ?<\/h2><p>Les cookies sont de simples fichiers texte contenant de petites quantit\u00e9s d&rsquo;informations qui sont t\u00e9l\u00e9charg\u00e9s sur votre appareil lorsque vous acc\u00e9dez \u00e0 notre site web. Toutes les informations stock\u00e9es dans un cookie sont anonymes, inoffensives et aucune information personnelle n&rsquo;est collect\u00e9e.<\/p><p><strong>Cookies essentiels :<\/strong> Les cookies essentiels sont n\u00e9cessaires au fonctionnement du site et vous permettent de vous y d\u00e9placer et d&rsquo;utiliser ses services et fonctionnalit\u00e9s. La d\u00e9sactivation de ces cookies peut rendre les services et les fonctionnalit\u00e9s indisponibles.<\/p><p><strong>Cookies fonctionnels :<\/strong> Nous utilisons des cookies fonctionnels pour enregistrer vos param\u00e8tres sur le Site &#8211; des param\u00e8tres tels que votre pr\u00e9f\u00e9rence linguistique ou les informations de r\u00e9servation que vous avez pr\u00e9c\u00e9demment utilis\u00e9es lors d&rsquo;une r\u00e9servation chez Casela, par exemple. Nous utilisons \u00e9galement des cookies fonctionnels pour m\u00e9moriser des \u00e9l\u00e9ments tels que le dernier article que vous avez recherch\u00e9, afin que vous puissiez le retrouver facilement lors de votre prochaine visite. Certains cookies fonctionnels sont essentiels pour visualiser des cartes ou des vid\u00e9os sur notre site. Nous utilisons \u00e9galement des \u00ab cookies Flash \u00bb pour certains de nos contenus anim\u00e9s.<\/p><p><strong>Cookies de session :<\/strong> Ces types de cookies ne sont stock\u00e9s que temporairement pendant une session de navigation et sont supprim\u00e9s de votre appareil lorsque vous fermez le navigateur. Nous utilisons des cookies de session pour soutenir la fonctionnalit\u00e9 du site et pour comprendre votre utilisation du site, c&rsquo;est-\u00e0-dire les pages que vous visitez, les liens que vous utilisez et le temps que vous restez sur chaque page.<\/p><p><strong>Cookies persistants :<\/strong> Ces types de cookies ne sont pas supprim\u00e9s lorsque vous fermez votre navigateur, mais sont enregistr\u00e9s sur votre appareil pendant une p\u00e9riode d\u00e9termin\u00e9e ou jusqu&rsquo;\u00e0 ce que vous les supprimiez. Chaque fois que vous visitez le site, le serveur qui d\u00e9finit le cookie reconna\u00eet le cookie persistant enregistr\u00e9 sur votre appareil. Nous et d&rsquo;autres utilisons des cookies persistants pour stocker vos pr\u00e9f\u00e9rences, afin qu&rsquo;elles soient disponibles lors de votre prochaine visite, pour tenir un compte plus pr\u00e9cis de la fr\u00e9quence de vos visites sur le site, de la fr\u00e9quence de vos retours, de la mani\u00e8re dont votre utilisation du site peut varier dans le temps et de l&rsquo;efficacit\u00e9 des efforts publicitaires.<\/p><p><strong>Cookies publicitaires :<\/strong> Les cookies publicitaires nous permettent, ainsi qu&rsquo;\u00e0 d&rsquo;autres annonceurs, de vous pr\u00e9senter les produits, offres et publicit\u00e9s les plus pertinents sur le site et les sites de tiers, ou par le biais d&rsquo;e-mails ou d&rsquo;autres plateformes de messagerie. Par exemple, certains Cookies publicitaires aident nos fournisseurs de services et autres annonceurs \u00e0 s\u00e9lectionner des publicit\u00e9s bas\u00e9es sur vos int\u00e9r\u00eats, y compris ceux exprim\u00e9s ou d\u00e9duits par des visites sur nos sites Web ou apps ou sur d&rsquo;autres sites Web, services en ligne et apps au fil du temps. D&rsquo;autres permettent d&rsquo;\u00e9viter que la m\u00eame publicit\u00e9 ne r\u00e9apparaisse continuellement pour vous. Ces types de Cookies nous aident \u00e9galement \u00e0 vous fournir du contenu sur le Site qui est adapt\u00e9 \u00e0 vos int\u00e9r\u00eats et \u00e0 vos besoins.<\/p><p>Comme indiqu\u00e9 ci-dessous, certains cookies d&rsquo;analyse et autres technologies sont utilis\u00e9s en partie pour faciliter la publicit\u00e9.<\/p><p><strong>Les cookies publicitaires<\/strong> comprennent \u00e9galement des cookies de plug-in social. Les cookies de plug-in social sont utilis\u00e9s pour partager du contenu du site avec des membres et des non-membres de r\u00e9seaux de m\u00e9dias sociaux tels que Facebook, Twitter, YouTube et Pinterest. Ces cookies sont g\u00e9n\u00e9ralement d\u00e9finis par le fournisseur du r\u00e9seau social, ce qui permet un partage fluide et sans heurts.<\/p><p><strong>Les cookies d&rsquo;analyse<\/strong> recueillent des informations sur votre utilisation du site et nous permettent d&rsquo;en am\u00e9liorer le fonctionnement. Ces cookies nous fournissent des informations agr\u00e9g\u00e9es que nous utilisons pour surveiller les performances du site, compter les visites de pages, rep\u00e9rer les erreurs techniques, voir comment les utilisateurs atteignent le site et mesurer l&rsquo;efficacit\u00e9 de la publicit\u00e9 (y compris les courriels que nous vous envoyons).<\/p><p>D&rsquo;autres technologies peuvent \u00eatre utilis\u00e9es aux m\u00eames fins que nos cookies, pour nous permettre, ainsi qu&rsquo;\u00e0 des tiers, de savoir quand vous visitez le site et de comprendre comment vous interagissez avec les courriels ou les publicit\u00e9s. Gr\u00e2ce aux autres technologies, des informations non personnelles (par exemple, votre syst\u00e8me d&rsquo;exploitation, la version de votre navigateur et l&rsquo;URL d&rsquo;o\u00f9 vous venez) ou des informations globales peuvent \u00eatre obtenues et utilis\u00e9es pour am\u00e9liorer votre exp\u00e9rience et comprendre les sch\u00e9mas de trafic.<\/p><h2>POURQUOI UTILISONS-NOUS DES COOKIES ?<\/h2><p>Des cookies peuvent \u00eatre utilis\u00e9s sur le site afin d&rsquo;am\u00e9liorer votre exp\u00e9rience. Par exemple, nous utiliserons des cookies pour :<\/p><ul><li>m\u00e9moriser votre langue et vos autres pr\u00e9f\u00e9rences<\/li><li>Veiller \u00e0 ce que vous obteniez toutes les informations demand\u00e9es ;<\/li><li>Fournir un service s\u00fbr et s\u00e9curis\u00e9 pour les transactions en ligne ;<\/li><li>Suivre votre r\u00e9ponse aux publicit\u00e9s et au contenu du site Web ou de l&rsquo;application \u00e0 des fins d&rsquo;analyse et le nombre de fois que nous vous envoyons la m\u00eame publicit\u00e9 ;<\/li><li>Mesurer combien de personnes utilisent le Site, et comment elles l&rsquo;utilisent, afin que nous puissions le faire fonctionner rapidement et efficacement ; et<\/li><li>Nous aider, ainsi que d&rsquo;autres, \u00e0 vous fournir des communications et du contenu pertinents et adapt\u00e9s \u00e0 vos int\u00e9r\u00eats et \u00e0 votre localisation.<\/li><\/ul><h2>COMMENT ACCEPTER NOTRE POLITIQUE EN MATI\u00c8RE DE COOKIES ?<\/h2><p>Vous pouvez indiquer que vous consentez \u00e0 ce que nous utilisions des cookies conform\u00e9ment \u00e0 la pr\u00e9sente politique en mati\u00e8re de cookies en cliquant sur \u00ab Accepter \u00bb dans la banni\u00e8re relative aux cookies qui appara\u00eet sur le site web ou en continuant \u00e0 utiliser le site web (en cliquant ou en faisant d\u00e9filer la page) apr\u00e8s l&rsquo;apparition de la banni\u00e8re relative aux cookies.<\/p><p>Une fois que vous avez donn\u00e9 votre accord, cette banni\u00e8re de cookies et ce message n&rsquo;appara\u00eetront plus lorsque vous visiterez \u00e0 nouveau notre site web. Si vous visitez le site web sur un autre appareil, un autre navigateur ou avec une configuration de navigateur diff\u00e9rente, vous devrez \u00e0 nouveau consentir \u00e0 notre politique en mati\u00e8re de cookies. Si vous ou tout autre utilisateur de vos appareils souhaitez retirer votre consentement \u00e0 tout moment, vous pouvez le faire en modifiant les param\u00e8tres de votre navigateur ou en suivant les conseils fournis dans la pr\u00e9sente politique. Si vous ne retirez pas votre consentement, nous consid\u00e9rerons que vous acceptez de recevoir des cookies de notre site web et que vous acceptez notre politique en mati\u00e8re de cookies.<\/p><h2>MODIFICATIONS DE LA POLITIQUE EN MATI\u00c8RE DE COOKIES<\/h2><p>Medine se r\u00e9serve le droit d&rsquo;apporter des modifications \u00e0 la pr\u00e9sente politique en mati\u00e8re de cookies. L&rsquo;utilisateur est invit\u00e9 \u00e0 consulter r\u00e9guli\u00e8rement cette page pour \u00eatre inform\u00e9 de tout changement.<\/p>\t\t\t\t\t\t\t\t<\/div>\n\t\t\t\t<\/div>\n\t\t\t\t\t<\/div>\n\t\t\t\t<\/div>\n\t\t\t\t<\/div>\n\t\t","protected":false},"excerpt":{"rendered":"<p>Politique relative aux cookies Conform\u00e9ment \u00e0 la l\u00e9gislation locale et \u00e0 la l\u00e9gislation internationale applicable, Medine a publi\u00e9 la politique suivante en mati\u00e8re de cookies. Lorsque vous visitez notre site web, nous utilisons des cookies pour vous garantir une exp\u00e9rience optimale. Ces cookies peuvent porter sur vous, vos pr\u00e9f\u00e9rences ou votre appareil. En g\u00e9n\u00e9ral, ces [&hellip;]<\/p>\n","protected":false},"author":1,"featured_media":0,"parent":0,"menu_order":0,"comment_status":"closed","ping_status":"closed","template":"","meta":{"_acf_changed":false,"yasr_overall_rating":0,"yasr_post_is_review":"","yasr_auto_insert_disabled":"","yasr_review_type":"","footnotes":""},"class_list":["post-7119","page","type-page","status-publish","hentry"],"acf":[],"yoast_head":"<!-- This site is optimized with the Yoast SEO plugin v27.3 - https:\/\/yoast.com\/product\/yoast-seo-wordpress\/ -->\n<title>Cookie Policy - Casela<\/title>\n<meta name=\"robots\" content=\"index, follow, max-snippet:-1, max-image-preview:large, max-video-preview:-1\" \/>\n<link rel=\"canonical\" href=\"https:\/\/caselaparks.com\/fr\/cookie-policy\/\" \/>\n<meta property=\"og:locale\" content=\"fr_FR\" \/>\n<meta property=\"og:type\" content=\"article\" \/>\n<meta property=\"og:title\" content=\"Cookie Policy - Casela\" \/>\n<meta property=\"og:description\" content=\"Politique relative aux cookies Conform\u00e9ment \u00e0 la l\u00e9gislation locale et \u00e0 la l\u00e9gislation internationale applicable, Medine a publi\u00e9 la politique suivante en mati\u00e8re de cookies. Lorsque vous visitez notre site web, nous utilisons des cookies pour vous garantir une exp\u00e9rience optimale. Ces cookies peuvent porter sur vous, vos pr\u00e9f\u00e9rences ou votre appareil. En g\u00e9n\u00e9ral, ces [&hellip;]\" \/>\n<meta property=\"og:url\" content=\"https:\/\/caselaparks.com\/fr\/cookie-policy\/\" \/>\n<meta property=\"og:site_name\" content=\"Casela\" \/>\n<meta property=\"article:modified_time\" content=\"2024-12-18T15:13:47+00:00\" \/>\n<meta name=\"twitter:card\" content=\"summary_large_image\" \/>\n<meta name=\"twitter:label1\" content=\"Dur\u00e9e de lecture estim\u00e9e\" \/>\n\t<meta name=\"twitter:data1\" content=\"7 minutes\" \/>\n<script type=\"application\/ld+json\" class=\"yoast-schema-graph\">{\"@context\":\"https:\\\/\\\/schema.org\",\"@graph\":[{\"@type\":\"WebPage\",\"@id\":\"https:\\\/\\\/caselaparks.com\\\/fr\\\/cookie-policy\\\/\",\"url\":\"https:\\\/\\\/caselaparks.com\\\/fr\\\/cookie-policy\\\/\",\"name\":\"Cookie Policy - Casela\",\"isPartOf\":{\"@id\":\"https:\\\/\\\/caselaparks.com\\\/fr\\\/#website\"},\"datePublished\":\"2024-02-26T15:16:46+00:00\",\"dateModified\":\"2024-12-18T15:13:47+00:00\",\"breadcrumb\":{\"@id\":\"https:\\\/\\\/caselaparks.com\\\/fr\\\/cookie-policy\\\/#breadcrumb\"},\"inLanguage\":\"fr-FR\",\"potentialAction\":[{\"@type\":\"ReadAction\",\"target\":[\"https:\\\/\\\/caselaparks.com\\\/fr\\\/cookie-policy\\\/\"]}]},{\"@type\":\"BreadcrumbList\",\"@id\":\"https:\\\/\\\/caselaparks.com\\\/fr\\\/cookie-policy\\\/#breadcrumb\",\"itemListElement\":[{\"@type\":\"ListItem\",\"position\":1,\"name\":\"Accueil\",\"item\":\"https:\\\/\\\/caselaparks.com\\\/fr\\\/\"},{\"@type\":\"ListItem\",\"position\":2,\"name\":\"Cookie Policy\"}]},{\"@type\":\"WebSite\",\"@id\":\"https:\\\/\\\/caselaparks.com\\\/fr\\\/#website\",\"url\":\"https:\\\/\\\/caselaparks.com\\\/fr\\\/\",\"name\":\"Casela\",\"description\":\"\",\"publisher\":{\"@id\":\"https:\\\/\\\/caselaparks.com\\\/fr\\\/#organization\"},\"potentialAction\":[{\"@type\":\"SearchAction\",\"target\":{\"@type\":\"EntryPoint\",\"urlTemplate\":\"https:\\\/\\\/caselaparks.com\\\/fr\\\/?s={search_term_string}\"},\"query-input\":{\"@type\":\"PropertyValueSpecification\",\"valueRequired\":true,\"valueName\":\"search_term_string\"}}],\"inLanguage\":\"fr-FR\"},{\"@type\":\"Organization\",\"@id\":\"https:\\\/\\\/caselaparks.com\\\/fr\\\/#organization\",\"name\":\"Casela\",\"url\":\"https:\\\/\\\/caselaparks.com\\\/fr\\\/\",\"logo\":{\"@type\":\"ImageObject\",\"inLanguage\":\"fr-FR\",\"@id\":\"https:\\\/\\\/caselaparks.com\\\/fr\\\/#\\\/schema\\\/logo\\\/image\\\/\",\"url\":\"https:\\\/\\\/caselaparks.com\\\/wp-content\\\/uploads\\\/2024\\\/02\\\/casela-logo-white-1.svg\",\"contentUrl\":\"https:\\\/\\\/caselaparks.com\\\/wp-content\\\/uploads\\\/2024\\\/02\\\/casela-logo-white-1.svg\",\"width\":104,\"height\":64,\"caption\":\"Casela\"},\"image\":{\"@id\":\"https:\\\/\\\/caselaparks.com\\\/fr\\\/#\\\/schema\\\/logo\\\/image\\\/\"}},false]}<\/script>\n<!-- \/ Yoast SEO plugin. -->","yoast_head_json":{"title":"Cookie Policy - Casela","robots":{"index":"index","follow":"follow","max-snippet":"max-snippet:-1","max-image-preview":"max-image-preview:large","max-video-preview":"max-video-preview:-1"},"canonical":"https:\/\/caselaparks.com\/fr\/cookie-policy\/","og_locale":"fr_FR","og_type":"article","og_title":"Cookie Policy - Casela","og_description":"Politique relative aux cookies Conform\u00e9ment \u00e0 la l\u00e9gislation locale et \u00e0 la l\u00e9gislation internationale applicable, Medine a publi\u00e9 la politique suivante en mati\u00e8re de cookies. Lorsque vous visitez notre site web, nous utilisons des cookies pour vous garantir une exp\u00e9rience optimale. Ces cookies peuvent porter sur vous, vos pr\u00e9f\u00e9rences ou votre appareil. En g\u00e9n\u00e9ral, ces [&hellip;]","og_url":"https:\/\/caselaparks.com\/fr\/cookie-policy\/","og_site_name":"Casela","article_modified_time":"2024-12-18T15:13:47+00:00","twitter_card":"summary_large_image","twitter_misc":{"Dur\u00e9e de lecture estim\u00e9e":"7 minutes"},"schema":{"@context":"https:\/\/schema.org","@graph":[{"@type":"WebPage","@id":"https:\/\/caselaparks.com\/fr\/cookie-policy\/","url":"https:\/\/caselaparks.com\/fr\/cookie-policy\/","name":"Cookie Policy - Casela","isPartOf":{"@id":"https:\/\/caselaparks.com\/fr\/#website"},"datePublished":"2024-02-26T15:16:46+00:00","dateModified":"2024-12-18T15:13:47+00:00","breadcrumb":{"@id":"https:\/\/caselaparks.com\/fr\/cookie-policy\/#breadcrumb"},"inLanguage":"fr-FR","potentialAction":[{"@type":"ReadAction","target":["https:\/\/caselaparks.com\/fr\/cookie-policy\/"]}]},{"@type":"BreadcrumbList","@id":"https:\/\/caselaparks.com\/fr\/cookie-policy\/#breadcrumb","itemListElement":[{"@type":"ListItem","position":1,"name":"Accueil","item":"https:\/\/caselaparks.com\/fr\/"},{"@type":"ListItem","position":2,"name":"Cookie Policy"}]},{"@type":"WebSite","@id":"https:\/\/caselaparks.com\/fr\/#website","url":"https:\/\/caselaparks.com\/fr\/","name":"Casela","description":"","publisher":{"@id":"https:\/\/caselaparks.com\/fr\/#organization"},"potentialAction":[{"@type":"SearchAction","target":{"@type":"EntryPoint","urlTemplate":"https:\/\/caselaparks.com\/fr\/?s={search_term_string}"},"query-input":{"@type":"PropertyValueSpecification","valueRequired":true,"valueName":"search_term_string"}}],"inLanguage":"fr-FR"},{"@type":"Organization","@id":"https:\/\/caselaparks.com\/fr\/#organization","name":"Casela","url":"https:\/\/caselaparks.com\/fr\/","logo":{"@type":"ImageObject","inLanguage":"fr-FR","@id":"https:\/\/caselaparks.com\/fr\/#\/schema\/logo\/image\/","url":"https:\/\/caselaparks.com\/wp-content\/uploads\/2024\/02\/casela-logo-white-1.svg","contentUrl":"https:\/\/caselaparks.com\/wp-content\/uploads\/2024\/02\/casela-logo-white-1.svg","width":104,"height":64,"caption":"Casela"},"image":{"@id":"https:\/\/caselaparks.com\/fr\/#\/schema\/logo\/image\/"}},false]}},"yasr_visitor_votes":{"stars_attributes":{"read_only":false,"span_bottom":false},"number_of_votes":0,"sum_votes":0},"_links":{"self":[{"href":"https:\/\/caselaparks.com\/fr\/wp-json\/wp\/v2\/pages\/7119","targetHints":{"allow":["GET"]}}],"collection":[{"href":"https:\/\/caselaparks.com\/fr\/wp-json\/wp\/v2\/pages"}],"about":[{"href":"https:\/\/caselaparks.com\/fr\/wp-json\/wp\/v2\/types\/page"}],"author":[{"embeddable":true,"href":"https:\/\/caselaparks.com\/fr\/wp-json\/wp\/v2\/users\/1"}],"replies":[{"embeddable":true,"href":"https:\/\/caselaparks.com\/fr\/wp-json\/wp\/v2\/comments?post=7119"}],"version-history":[{"count":24,"href":"https:\/\/caselaparks.com\/fr\/wp-json\/wp\/v2\/pages\/7119\/revisions"}],"predecessor-version":[{"id":14982,"href":"https:\/\/caselaparks.com\/fr\/wp-json\/wp\/v2\/pages\/7119\/revisions\/14982"}],"wp:attachment":[{"href":"https:\/\/caselaparks.com\/fr\/wp-json\/wp\/v2\/media?parent=7119"}],"curies":[{"name":"wp","href":"https:\/\/api.w.org\/{rel}","templated":true}]}}