{"id":7118,"date":"2024-03-05T15:19:35","date_gmt":"2024-03-05T14:19:35","guid":{"rendered":"https:\/\/caselaparks.com\/save-and-test\/"},"modified":"2024-03-05T15:19:35","modified_gmt":"2024-03-05T14:19:35","slug":"save-and-test","status":"publish","type":"page","link":"https:\/\/caselaparks.com\/fr\/save-and-test\/","title":{"rendered":"Save and test"},"content":{"rendered":"\t\t<div data-elementor-type=\"wp-page\" data-elementor-id=\"7118\" class=\"elementor elementor-7118 elementor-806\" data-elementor-post-type=\"page\">\n\t\t\t\t<div class=\"elementor-element elementor-element-29fa25f e-flex e-con-boxed e-con e-parent\" data-id=\"29fa25f\" data-element_type=\"container\" data-e-type=\"container\">\n\t\t\t\t\t<div class=\"e-con-inner\">\n\t\t\t\t\t<\/div>\n\t\t\t\t<\/div>\n\t\t<div class=\"elementor-element elementor-element-19b4800e e-flex e-con-boxed e-con e-parent\" data-id=\"19b4800e\" data-element_type=\"container\" data-e-type=\"container\">\n\t\t\t\t\t<div class=\"e-con-inner\">\n\t\t\t\t\t<\/div>\n\t\t\t\t<\/div>\n\t\t<div class=\"elementor-element elementor-element-b2f3061 d-lg-none blog-carousel-mobile e-con-full e-flex e-con e-parent\" data-id=\"b2f3061\" data-element_type=\"container\" data-e-type=\"container\">\n\t\t<div class=\"elementor-element elementor-element-434edf9b e-flex e-con-boxed e-con e-child\" data-id=\"434edf9b\" data-element_type=\"container\" data-e-type=\"container\">\n\t\t\t\t\t<div class=\"e-con-inner\">\n\t\t\t\t<div class=\"elementor-element elementor-element-614a2677 elementor-widget elementor-widget-heading\" data-id=\"614a2677\" data-element_type=\"widget\" data-e-type=\"widget\" data-widget_type=\"heading.default\">\n\t\t\t\t<div class=\"elementor-widget-container\">\n\t\t\t\t\t<h2 class=\"elementor-heading-title elementor-size-default\">Stories from our blog<\/h2>\t\t\t\t<\/div>\n\t\t\t\t<\/div>\n\t\t\t\t<div class=\"elementor-element elementor-element-29272850 elementor-pagination-type-bullets elementor-pagination-position-outside elementor-widget elementor-widget-loop-carousel\" data-id=\"29272850\" data-element_type=\"widget\" data-e-type=\"widget\" data-settings=\"{&quot;template_id&quot;:6447,&quot;slides_to_show&quot;:&quot;1&quot;,&quot;_skin&quot;:&quot;post&quot;,&quot;slides_to_show_tablet&quot;:&quot;2&quot;,&quot;slides_to_show_mobile&quot;:&quot;1&quot;,&quot;slides_to_scroll&quot;:&quot;1&quot;,&quot;edit_handle_selector&quot;:&quot;.elementor-loop-container&quot;,&quot;infinite&quot;:&quot;yes&quot;,&quot;speed&quot;:500,&quot;offset_sides&quot;:&quot;none&quot;,&quot;pagination&quot;:&quot;bullets&quot;,&quot;image_spacing_custom&quot;:{&quot;unit&quot;:&quot;px&quot;,&quot;size&quot;:10,&quot;sizes&quot;:[]},&quot;image_spacing_custom_tablet&quot;:{&quot;unit&quot;:&quot;px&quot;,&quot;size&quot;:&quot;&quot;,&quot;sizes&quot;:[]},&quot;image_spacing_custom_mobile&quot;:{&quot;unit&quot;:&quot;px&quot;,&quot;size&quot;:&quot;&quot;,&quot;sizes&quot;:[]}}\" data-widget_type=\"loop-carousel.post\">\n\t\t\t\t<div class=\"elementor-widget-container\">\n\t\t\t\t\t\t\t<div class=\"swiper elementor-loop-container elementor-grid\" role=\"list\" dir=\"ltr\">\n\t\t\t\t<div class=\"swiper-wrapper\" aria-live=\"polite\">\n\t\t<style id=\"loop-6447\">.elementor-6447 .elementor-element.elementor-element-9d30553{--display:flex;--flex-direction:row;--container-widget-width:initial;--container-widget-height:100%;--container-widget-flex-grow:1;--container-widget-align-self:stretch;--flex-wrap-mobile:wrap;}.elementor-6447 .elementor-element.elementor-element-10c3341{--display:flex;}.elementor-6447 .elementor-element.elementor-element-89821a2 .elementor-icon-list-icon{width:14px;}.elementor-6447 .elementor-element.elementor-element-89821a2 .elementor-icon-list-icon i{font-size:14px;}.elementor-6447 .elementor-element.elementor-element-89821a2 .elementor-icon-list-icon svg{--e-icon-list-icon-size:14px;}@media(max-width:767px){.elementor-6447 .elementor-element.elementor-element-10c3341{--gap:0px 0px;--row-gap:0px;--column-gap:0px;}}<\/style>\t\t<div data-elementor-type=\"loop-item\" data-elementor-id=\"6447\" class=\"elementor elementor-6447 elementor-596 elementor-596 swiper-slide e-loop-item e-loop-item-18144 post-18144 post type-post status-publish format-standard has-post-thumbnail hentry category-local-offer tag-local-offer\" data-elementor-post-type=\"elementor_library\" role=\"group\" aria-roledescription=\"slide\" data-custom-edit-handle=\"1\">\n\t\t\t<div class=\"elementor-element elementor-element-9d30553 e-flex e-con-boxed e-con e-parent\" data-id=\"9d30553\" data-element_type=\"container\" data-e-type=\"container\">\n\t\t\t\t\t<div class=\"e-con-inner\">\n\t\t<div class=\"elementor-element elementor-element-10c3341 test e-flex e-con-boxed e-con e-child\" data-id=\"10c3341\" data-element_type=\"container\" data-e-type=\"container\">\n\t\t\t\t\t<div class=\"e-con-inner\">\n\t\t\t\t<div class=\"elementor-element elementor-element-9fe0f99 elementor-widget elementor-widget-theme-post-featured-image elementor-widget-image\" data-id=\"9fe0f99\" data-element_type=\"widget\" data-e-type=\"widget\" data-widget_type=\"theme-post-featured-image.default\">\n\t\t\t\t<div class=\"elementor-widget-container\">\n\t\t\t\t\t\t\t\t\t\t\t\t\t\t\t<img fetchpriority=\"high\" decoding=\"async\" width=\"300\" height=\"200\" src=\"https:\/\/caselaparks.com\/wp-content\/uploads\/2026\/04\/caselaparks-giraf-lokal-300x200.jpg\" class=\"attachment-medium size-medium wp-image-18208\" alt=\"caselaparks giraf lokal\" srcset=\"https:\/\/caselaparks.com\/wp-content\/uploads\/2026\/04\/caselaparks-giraf-lokal-300x200.jpg 300w, https:\/\/caselaparks.com\/wp-content\/uploads\/2026\/04\/caselaparks-giraf-lokal-1024x683.jpg 1024w, https:\/\/caselaparks.com\/wp-content\/uploads\/2026\/04\/caselaparks-giraf-lokal-768x512.jpg 768w, https:\/\/caselaparks.com\/wp-content\/uploads\/2026\/04\/caselaparks-giraf-lokal-1536x1024.jpg 1536w, https:\/\/caselaparks.com\/wp-content\/uploads\/2026\/04\/caselaparks-giraf-lokal-2048x1365.jpg 2048w, https:\/\/caselaparks.com\/wp-content\/uploads\/2026\/04\/caselaparks-giraf-lokal-587x390.jpg 587w\" sizes=\"(max-width: 300px) 100vw, 300px\" \/>\t\t\t\t\t\t\t\t\t\t\t\t\t\t\t<\/div>\n\t\t\t\t<\/div>\n\t\t\t\t<div class=\"elementor-element elementor-element-89821a2 tag-blog-home post-tags tag margin-b-1 elementor-widget elementor-widget-post-info\" data-id=\"89821a2\" data-element_type=\"widget\" data-e-type=\"widget\" data-widget_type=\"post-info.default\">\n\t\t\t\t<div class=\"elementor-widget-container\">\n\t\t\t\t\t\t\t<ul class=\"elementor-icon-list-items elementor-post-info\">\n\t\t\t\t\t\t\t\t<li class=\"elementor-icon-list-item elementor-repeater-item-99c6409\" itemprop=\"about\">\n\t\t\t\t\t\t\t\t\t\t\t\t\t<span class=\"elementor-icon-list-text elementor-post-info__item elementor-post-info__item--type-terms\">\n\t\t\t\t\t\t\t\t\t\t<span class=\"elementor-post-info__terms-list\">\n\t\t\t\t<span class=\"elementor-post-info__terms-list-item\">Local Offer<\/span>\t\t\t\t<\/span>\n\t\t\t\t\t<\/span>\n\t\t\t\t\t\t\t\t<\/li>\n\t\t\t\t<\/ul>\n\t\t\t\t\t\t<\/div>\n\t\t\t\t<\/div>\n\t\t\t\t<div class=\"elementor-element elementor-element-6af80d9 elementor-widget elementor-widget-theme-post-title elementor-page-title elementor-widget-heading\" data-id=\"6af80d9\" data-element_type=\"widget\" data-e-type=\"widget\" data-widget_type=\"theme-post-title.default\">\n\t\t\t\t<div class=\"elementor-widget-container\">\n\t\t\t\t\t<h3 class=\"elementor-heading-title elementor-size-default\"><a href=\"https:\/\/caselaparks.com\/fr\/local-offer\/offre-locale-speciales-vacances\/\">Offre Locale &#8211; Sp\u00e9ciales Vacances<\/a><\/h3>\t\t\t\t<\/div>\n\t\t\t\t<\/div>\n\t\t\t\t\t<\/div>\n\t\t\t\t<\/div>\n\t\t\t\t\t<\/div>\n\t\t\t\t<\/div>\n\t\t\t\t<\/div>\n\t\t\t\t<div data-elementor-type=\"loop-item\" data-elementor-id=\"6447\" class=\"elementor elementor-6447 elementor-596 elementor-596 swiper-slide e-loop-item e-loop-item-18145 post-18145 post type-post status-publish format-standard has-post-thumbnail hentry category-pricing-periods tag-pricing-periods\" data-elementor-post-type=\"elementor_library\" role=\"group\" aria-roledescription=\"slide\" data-custom-edit-handle=\"1\">\n\t\t\t<div class=\"elementor-element elementor-element-9d30553 e-flex e-con-boxed e-con e-parent\" data-id=\"9d30553\" data-element_type=\"container\" data-e-type=\"container\">\n\t\t\t\t\t<div class=\"e-con-inner\">\n\t\t<div class=\"elementor-element elementor-element-10c3341 test e-flex e-con-boxed e-con e-child\" data-id=\"10c3341\" data-element_type=\"container\" data-e-type=\"container\">\n\t\t\t\t\t<div class=\"e-con-inner\">\n\t\t\t\t<div class=\"elementor-element elementor-element-9fe0f99 elementor-widget elementor-widget-theme-post-featured-image elementor-widget-image\" data-id=\"9fe0f99\" data-element_type=\"widget\" data-e-type=\"widget\" data-widget_type=\"theme-post-featured-image.default\">\n\t\t\t\t<div class=\"elementor-widget-container\">\n\t\t\t\t\t\t\t\t\t\t\t\t\t\t\t<img decoding=\"async\" width=\"300\" height=\"200\" src=\"https:\/\/caselaparks.com\/wp-content\/uploads\/2026\/04\/caselaparks-seasons-300x200.jpg\" class=\"attachment-medium size-medium wp-image-18060\" alt=\"caselaparks-seasons\" srcset=\"https:\/\/caselaparks.com\/wp-content\/uploads\/2026\/04\/caselaparks-seasons-300x200.jpg 300w, https:\/\/caselaparks.com\/wp-content\/uploads\/2026\/04\/caselaparks-seasons-1024x683.jpg 1024w, https:\/\/caselaparks.com\/wp-content\/uploads\/2026\/04\/caselaparks-seasons-768x512.jpg 768w, https:\/\/caselaparks.com\/wp-content\/uploads\/2026\/04\/caselaparks-seasons-1536x1024.jpg 1536w, https:\/\/caselaparks.com\/wp-content\/uploads\/2026\/04\/caselaparks-seasons-2048x1366.jpg 2048w, https:\/\/caselaparks.com\/wp-content\/uploads\/2026\/04\/caselaparks-seasons-587x390.jpg 587w\" sizes=\"(max-width: 300px) 100vw, 300px\" \/>\t\t\t\t\t\t\t\t\t\t\t\t\t\t\t<\/div>\n\t\t\t\t<\/div>\n\t\t\t\t<div class=\"elementor-element elementor-element-89821a2 tag-blog-home post-tags tag margin-b-1 elementor-widget elementor-widget-post-info\" data-id=\"89821a2\" data-element_type=\"widget\" data-e-type=\"widget\" data-widget_type=\"post-info.default\">\n\t\t\t\t<div class=\"elementor-widget-container\">\n\t\t\t\t\t\t\t<ul class=\"elementor-icon-list-items elementor-post-info\">\n\t\t\t\t\t\t\t\t<li class=\"elementor-icon-list-item elementor-repeater-item-99c6409\" itemprop=\"about\">\n\t\t\t\t\t\t\t\t\t\t\t\t\t<span class=\"elementor-icon-list-text elementor-post-info__item elementor-post-info__item--type-terms\">\n\t\t\t\t\t\t\t\t\t\t<span class=\"elementor-post-info__terms-list\">\n\t\t\t\t<span class=\"elementor-post-info__terms-list-item\">Pricing Periods<\/span>\t\t\t\t<\/span>\n\t\t\t\t\t<\/span>\n\t\t\t\t\t\t\t\t<\/li>\n\t\t\t\t<\/ul>\n\t\t\t\t\t\t<\/div>\n\t\t\t\t<\/div>\n\t\t\t\t<div class=\"elementor-element elementor-element-6af80d9 elementor-widget elementor-widget-theme-post-title elementor-page-title elementor-widget-heading\" data-id=\"6af80d9\" data-element_type=\"widget\" data-e-type=\"widget\" data-widget_type=\"theme-post-title.default\">\n\t\t\t\t<div class=\"elementor-widget-container\">\n\t\t\t\t\t<h3 class=\"elementor-heading-title elementor-size-default\"><a href=\"https:\/\/caselaparks.com\/fr\/pricing-periods\/nos-periodes-tarifaires\/\">Nos p\u00e9riodes tarifaires<\/a><\/h3>\t\t\t\t<\/div>\n\t\t\t\t<\/div>\n\t\t\t\t\t<\/div>\n\t\t\t\t<\/div>\n\t\t\t\t\t<\/div>\n\t\t\t\t<\/div>\n\t\t\t\t<\/div>\n\t\t\t\t<div data-elementor-type=\"loop-item\" data-elementor-id=\"6447\" class=\"elementor elementor-6447 elementor-596 elementor-596 swiper-slide e-loop-item e-loop-item-15261 post-15261 post type-post status-publish format-standard has-post-thumbnail hentry category-news\" data-elementor-post-type=\"elementor_library\" role=\"group\" aria-roledescription=\"slide\" data-custom-edit-handle=\"1\">\n\t\t\t<div class=\"elementor-element elementor-element-9d30553 e-flex e-con-boxed e-con e-parent\" data-id=\"9d30553\" data-element_type=\"container\" data-e-type=\"container\">\n\t\t\t\t\t<div class=\"e-con-inner\">\n\t\t<div class=\"elementor-element elementor-element-10c3341 test e-flex e-con-boxed e-con e-child\" data-id=\"10c3341\" data-element_type=\"container\" data-e-type=\"container\">\n\t\t\t\t\t<div class=\"e-con-inner\">\n\t\t\t\t<div class=\"elementor-element elementor-element-9fe0f99 elementor-widget elementor-widget-theme-post-featured-image elementor-widget-image\" data-id=\"9fe0f99\" data-element_type=\"widget\" data-e-type=\"widget\" data-widget_type=\"theme-post-featured-image.default\">\n\t\t\t\t<div class=\"elementor-widget-container\">\n\t\t\t\t\t\t\t\t\t\t\t\t\t\t\t<img decoding=\"async\" width=\"300\" height=\"200\" src=\"https:\/\/caselaparks.com\/wp-content\/uploads\/2025\/01\/1-5-300x200.jpg\" class=\"attachment-medium size-medium wp-image-15262\" alt=\"\" srcset=\"https:\/\/caselaparks.com\/wp-content\/uploads\/2025\/01\/1-5-300x200.jpg 300w, https:\/\/caselaparks.com\/wp-content\/uploads\/2025\/01\/1-5-768x512.jpg 768w, https:\/\/caselaparks.com\/wp-content\/uploads\/2025\/01\/1-5-587x390.jpg 587w, https:\/\/caselaparks.com\/wp-content\/uploads\/2025\/01\/1-5.jpg 800w\" sizes=\"(max-width: 300px) 100vw, 300px\" \/>\t\t\t\t\t\t\t\t\t\t\t\t\t\t\t<\/div>\n\t\t\t\t<\/div>\n\t\t\t\t<div class=\"elementor-element elementor-element-6af80d9 elementor-widget elementor-widget-theme-post-title elementor-page-title elementor-widget-heading\" data-id=\"6af80d9\" data-element_type=\"widget\" data-e-type=\"widget\" data-widget_type=\"theme-post-title.default\">\n\t\t\t\t<div class=\"elementor-widget-container\">\n\t\t\t\t\t<h3 class=\"elementor-heading-title elementor-size-default\"><a href=\"https:\/\/caselaparks.com\/fr\/news\/nouveau-animaux\/\">Casela Nature Parks accueille une nouvelle g\u00e9n\u00e9ration d&rsquo;animaux pour ravir petits et grands<\/a><\/h3>\t\t\t\t<\/div>\n\t\t\t\t<\/div>\n\t\t\t\t\t<\/div>\n\t\t\t\t<\/div>\n\t\t\t\t\t<\/div>\n\t\t\t\t<\/div>\n\t\t\t\t<\/div>\n\t\t\t\t<div data-elementor-type=\"loop-item\" data-elementor-id=\"6447\" class=\"elementor elementor-6447 elementor-596 elementor-596 swiper-slide e-loop-item e-loop-item-14991 post-14991 post type-post status-publish format-standard has-post-thumbnail hentry category-news\" data-elementor-post-type=\"elementor_library\" role=\"group\" aria-roledescription=\"slide\" data-custom-edit-handle=\"1\">\n\t\t\t<div class=\"elementor-element elementor-element-9d30553 e-flex e-con-boxed e-con e-parent\" data-id=\"9d30553\" data-element_type=\"container\" data-e-type=\"container\">\n\t\t\t\t\t<div class=\"e-con-inner\">\n\t\t<div class=\"elementor-element elementor-element-10c3341 test e-flex e-con-boxed e-con e-child\" data-id=\"10c3341\" data-element_type=\"container\" data-e-type=\"container\">\n\t\t\t\t\t<div class=\"e-con-inner\">\n\t\t\t\t<div class=\"elementor-element elementor-element-9fe0f99 elementor-widget elementor-widget-theme-post-featured-image elementor-widget-image\" data-id=\"9fe0f99\" data-element_type=\"widget\" data-e-type=\"widget\" data-widget_type=\"theme-post-featured-image.default\">\n\t\t\t\t<div class=\"elementor-widget-container\">\n\t\t\t\t\t\t\t\t\t\t\t\t\t\t\t<img loading=\"lazy\" decoding=\"async\" width=\"300\" height=\"200\" src=\"https:\/\/caselaparks.com\/wp-content\/uploads\/2024\/11\/307-DSC01133-300x200.jpg\" class=\"attachment-medium size-medium wp-image-18142\" alt=\"\" srcset=\"https:\/\/caselaparks.com\/wp-content\/uploads\/2024\/11\/307-DSC01133-300x200.jpg 300w, https:\/\/caselaparks.com\/wp-content\/uploads\/2024\/11\/307-DSC01133-1024x683.jpg 1024w, https:\/\/caselaparks.com\/wp-content\/uploads\/2024\/11\/307-DSC01133-768x512.jpg 768w, https:\/\/caselaparks.com\/wp-content\/uploads\/2024\/11\/307-DSC01133-1536x1024.jpg 1536w, https:\/\/caselaparks.com\/wp-content\/uploads\/2024\/11\/307-DSC01133-2048x1365.jpg 2048w, https:\/\/caselaparks.com\/wp-content\/uploads\/2024\/11\/307-DSC01133-587x390.jpg 587w\" sizes=\"(max-width: 300px) 100vw, 300px\" \/>\t\t\t\t\t\t\t\t\t\t\t\t\t\t\t<\/div>\n\t\t\t\t<\/div>\n\t\t\t\t<div class=\"elementor-element elementor-element-6af80d9 elementor-widget elementor-widget-theme-post-title elementor-page-title elementor-widget-heading\" data-id=\"6af80d9\" data-element_type=\"widget\" data-e-type=\"widget\" data-widget_type=\"theme-post-title.default\">\n\t\t\t\t<div class=\"elementor-widget-container\">\n\t\t\t\t\t<h3 class=\"elementor-heading-title elementor-size-default\"><a href=\"https:\/\/caselaparks.com\/fr\/news\/8-activites-palpitantes-a-ne-pas-manquer-a-casela-nature-parks-mauritius\/\">8 activit\u00e9s palpitantes \u00e0 ne pas manquer \u00e0 Casela Nature Parks &#8211; Mauritius<\/a><\/h3>\t\t\t\t<\/div>\n\t\t\t\t<\/div>\n\t\t\t\t\t<\/div>\n\t\t\t\t<\/div>\n\t\t\t\t\t<\/div>\n\t\t\t\t<\/div>\n\t\t\t\t<\/div>\n\t\t\t\t<div data-elementor-type=\"loop-item\" data-elementor-id=\"6447\" class=\"elementor elementor-6447 elementor-596 elementor-596 swiper-slide e-loop-item e-loop-item-15004 post-15004 post type-post status-publish format-standard has-post-thumbnail hentry category-durabilite\" data-elementor-post-type=\"elementor_library\" role=\"group\" aria-roledescription=\"slide\" data-custom-edit-handle=\"1\">\n\t\t\t<div class=\"elementor-element elementor-element-9d30553 e-flex e-con-boxed e-con e-parent\" data-id=\"9d30553\" data-element_type=\"container\" data-e-type=\"container\">\n\t\t\t\t\t<div class=\"e-con-inner\">\n\t\t<div class=\"elementor-element elementor-element-10c3341 test e-flex e-con-boxed e-con e-child\" data-id=\"10c3341\" data-element_type=\"container\" data-e-type=\"container\">\n\t\t\t\t\t<div class=\"e-con-inner\">\n\t\t\t\t<div class=\"elementor-element elementor-element-9fe0f99 elementor-widget elementor-widget-theme-post-featured-image elementor-widget-image\" data-id=\"9fe0f99\" data-element_type=\"widget\" data-e-type=\"widget\" data-widget_type=\"theme-post-featured-image.default\">\n\t\t\t\t<div class=\"elementor-widget-container\">\n\t\t\t\t\t\t\t\t\t\t\t\t\t\t\t<img loading=\"lazy\" decoding=\"async\" width=\"300\" height=\"200\" src=\"https:\/\/caselaparks.com\/wp-content\/uploads\/2024\/11\/Rhino-Interaction_Casela-1-1024x684-1-300x200.webp\" class=\"attachment-medium size-medium wp-image-13818\" alt=\"\" srcset=\"https:\/\/caselaparks.com\/wp-content\/uploads\/2024\/11\/Rhino-Interaction_Casela-1-1024x684-1-300x200.webp 300w, https:\/\/caselaparks.com\/wp-content\/uploads\/2024\/11\/Rhino-Interaction_Casela-1-1024x684-1-768x513.webp 768w, https:\/\/caselaparks.com\/wp-content\/uploads\/2024\/11\/Rhino-Interaction_Casela-1-1024x684-1-587x390.webp 587w, https:\/\/caselaparks.com\/wp-content\/uploads\/2024\/11\/Rhino-Interaction_Casela-1-1024x684-1.webp 1024w\" sizes=\"(max-width: 300px) 100vw, 300px\" \/>\t\t\t\t\t\t\t\t\t\t\t\t\t\t\t<\/div>\n\t\t\t\t<\/div>\n\t\t\t\t<div class=\"elementor-element elementor-element-6af80d9 elementor-widget elementor-widget-theme-post-title elementor-page-title elementor-widget-heading\" data-id=\"6af80d9\" data-element_type=\"widget\" data-e-type=\"widget\" data-widget_type=\"theme-post-title.default\">\n\t\t\t\t<div class=\"elementor-widget-container\">\n\t\t\t\t\t<h3 class=\"elementor-heading-title elementor-size-default\"><a href=\"https:\/\/caselaparks.com\/fr\/durabilite\/world-rhino-day-at-casela-nature-parks\/\">Journ\u00e9e mondiale du rhinoc\u00e9ros dans Casela Nature Parks<\/a><\/h3>\t\t\t\t<\/div>\n\t\t\t\t<\/div>\n\t\t\t\t\t<\/div>\n\t\t\t\t<\/div>\n\t\t\t\t\t<\/div>\n\t\t\t\t<\/div>\n\t\t\t\t<\/div>\n\t\t\t\t<\/div>\n\t\t<\/div>\n\t\t\t\t\t<div class=\"swiper-pagination\"><\/div>\n\t\t\t\t\t\t<\/div>\n\t\t\t\t<\/div>\n\t\t\t\t<div class=\"elementor-element elementor-element-68f23634 elementor-widget elementor-widget-button\" data-id=\"68f23634\" data-element_type=\"widget\" data-e-type=\"widget\" data-widget_type=\"button.default\">\n\t\t\t\t<div class=\"elementor-widget-container\">\n\t\t\t\t\t\t\t\t\t<div class=\"elementor-button-wrapper\">\n\t\t\t\t\t<a class=\"elementor-button elementor-button-link elementor-size-sm\" href=\"#\">\n\t\t\t\t\t\t<span class=\"elementor-button-content-wrapper\">\n\t\t\t\t\t\t\t\t\t<span class=\"elementor-button-text\">View all post<\/span>\n\t\t\t\t\t<\/span>\n\t\t\t\t\t<\/a>\n\t\t\t\t<\/div>\n\t\t\t\t\t\t\t\t<\/div>\n\t\t\t\t<\/div>\n\t\t\t\t\t<\/div>\n\t\t\t\t<\/div>\n\t\t\t\t<\/div>\n\t\t\t\t<\/div>\n\t\t","protected":false},"excerpt":{"rendered":"<p>Stories from our blog View all post<\/p>\n","protected":false},"author":1,"featured_media":0,"parent":0,"menu_order":0,"comment_status":"closed","ping_status":"closed","template":"","meta":{"_acf_changed":false,"yasr_overall_rating":0,"yasr_post_is_review":"","yasr_auto_insert_disabled":"","yasr_review_type":"","footnotes":""},"class_list":["post-7118","page","type-page","status-publish","hentry"],"acf":[],"yoast_head":"<!-- This site is optimized with the Yoast SEO plugin v27.3 - https:\/\/yoast.com\/product\/yoast-seo-wordpress\/ -->\n<title>Save and test - Casela<\/title>\n<meta name=\"robots\" content=\"index, follow, max-snippet:-1, max-image-preview:large, max-video-preview:-1\" \/>\n<link rel=\"canonical\" href=\"https:\/\/caselaparks.com\/fr\/save-and-test\/\" \/>\n<meta property=\"og:locale\" content=\"fr_FR\" \/>\n<meta property=\"og:type\" content=\"article\" \/>\n<meta property=\"og:title\" content=\"Save and test - Casela\" \/>\n<meta property=\"og:description\" content=\"Stories from our blog View all post\" \/>\n<meta property=\"og:url\" content=\"https:\/\/caselaparks.com\/fr\/save-and-test\/\" \/>\n<meta property=\"og:site_name\" content=\"Casela\" \/>\n<meta name=\"twitter:card\" content=\"summary_large_image\" \/>\n<script type=\"application\/ld+json\" class=\"yoast-schema-graph\">{\"@context\":\"https:\\\/\\\/schema.org\",\"@graph\":[{\"@type\":\"WebPage\",\"@id\":\"https:\\\/\\\/caselaparks.com\\\/fr\\\/save-and-test\\\/\",\"url\":\"https:\\\/\\\/caselaparks.com\\\/fr\\\/save-and-test\\\/\",\"name\":\"Save and test - Casela\",\"isPartOf\":{\"@id\":\"https:\\\/\\\/caselaparks.com\\\/fr\\\/#website\"},\"datePublished\":\"2024-03-05T14:19:35+00:00\",\"breadcrumb\":{\"@id\":\"https:\\\/\\\/caselaparks.com\\\/fr\\\/save-and-test\\\/#breadcrumb\"},\"inLanguage\":\"fr-FR\",\"potentialAction\":[{\"@type\":\"ReadAction\",\"target\":[\"https:\\\/\\\/caselaparks.com\\\/fr\\\/save-and-test\\\/\"]}]},{\"@type\":\"BreadcrumbList\",\"@id\":\"https:\\\/\\\/caselaparks.com\\\/fr\\\/save-and-test\\\/#breadcrumb\",\"itemListElement\":[{\"@type\":\"ListItem\",\"position\":1,\"name\":\"Accueil\",\"item\":\"https:\\\/\\\/caselaparks.com\\\/fr\\\/\"},{\"@type\":\"ListItem\",\"position\":2,\"name\":\"Save and test\"}]},{\"@type\":\"WebSite\",\"@id\":\"https:\\\/\\\/caselaparks.com\\\/fr\\\/#website\",\"url\":\"https:\\\/\\\/caselaparks.com\\\/fr\\\/\",\"name\":\"Casela\",\"description\":\"\",\"publisher\":{\"@id\":\"https:\\\/\\\/caselaparks.com\\\/fr\\\/#organization\"},\"potentialAction\":[{\"@type\":\"SearchAction\",\"target\":{\"@type\":\"EntryPoint\",\"urlTemplate\":\"https:\\\/\\\/caselaparks.com\\\/fr\\\/?s={search_term_string}\"},\"query-input\":{\"@type\":\"PropertyValueSpecification\",\"valueRequired\":true,\"valueName\":\"search_term_string\"}}],\"inLanguage\":\"fr-FR\"},{\"@type\":\"Organization\",\"@id\":\"https:\\\/\\\/caselaparks.com\\\/fr\\\/#organization\",\"name\":\"Casela\",\"url\":\"https:\\\/\\\/caselaparks.com\\\/fr\\\/\",\"logo\":{\"@type\":\"ImageObject\",\"inLanguage\":\"fr-FR\",\"@id\":\"https:\\\/\\\/caselaparks.com\\\/fr\\\/#\\\/schema\\\/logo\\\/image\\\/\",\"url\":\"https:\\\/\\\/caselaparks.com\\\/wp-content\\\/uploads\\\/2024\\\/02\\\/casela-logo-white-1.svg\",\"contentUrl\":\"https:\\\/\\\/caselaparks.com\\\/wp-content\\\/uploads\\\/2024\\\/02\\\/casela-logo-white-1.svg\",\"width\":104,\"height\":64,\"caption\":\"Casela\"},\"image\":{\"@id\":\"https:\\\/\\\/caselaparks.com\\\/fr\\\/#\\\/schema\\\/logo\\\/image\\\/\"}},false]}<\/script>\n<!-- \/ Yoast SEO plugin. -->","yoast_head_json":{"title":"Save and test - Casela","robots":{"index":"index","follow":"follow","max-snippet":"max-snippet:-1","max-image-preview":"max-image-preview:large","max-video-preview":"max-video-preview:-1"},"canonical":"https:\/\/caselaparks.com\/fr\/save-and-test\/","og_locale":"fr_FR","og_type":"article","og_title":"Save and test - Casela","og_description":"Stories from our blog View all post","og_url":"https:\/\/caselaparks.com\/fr\/save-and-test\/","og_site_name":"Casela","twitter_card":"summary_large_image","schema":{"@context":"https:\/\/schema.org","@graph":[{"@type":"WebPage","@id":"https:\/\/caselaparks.com\/fr\/save-and-test\/","url":"https:\/\/caselaparks.com\/fr\/save-and-test\/","name":"Save and test - Casela","isPartOf":{"@id":"https:\/\/caselaparks.com\/fr\/#website"},"datePublished":"2024-03-05T14:19:35+00:00","breadcrumb":{"@id":"https:\/\/caselaparks.com\/fr\/save-and-test\/#breadcrumb"},"inLanguage":"fr-FR","potentialAction":[{"@type":"ReadAction","target":["https:\/\/caselaparks.com\/fr\/save-and-test\/"]}]},{"@type":"BreadcrumbList","@id":"https:\/\/caselaparks.com\/fr\/save-and-test\/#breadcrumb","itemListElement":[{"@type":"ListItem","position":1,"name":"Accueil","item":"https:\/\/caselaparks.com\/fr\/"},{"@type":"ListItem","position":2,"name":"Save and test"}]},{"@type":"WebSite","@id":"https:\/\/caselaparks.com\/fr\/#website","url":"https:\/\/caselaparks.com\/fr\/","name":"Casela","description":"","publisher":{"@id":"https:\/\/caselaparks.com\/fr\/#organization"},"potentialAction":[{"@type":"SearchAction","target":{"@type":"EntryPoint","urlTemplate":"https:\/\/caselaparks.com\/fr\/?s={search_term_string}"},"query-input":{"@type":"PropertyValueSpecification","valueRequired":true,"valueName":"search_term_string"}}],"inLanguage":"fr-FR"},{"@type":"Organization","@id":"https:\/\/caselaparks.com\/fr\/#organization","name":"Casela","url":"https:\/\/caselaparks.com\/fr\/","logo":{"@type":"ImageObject","inLanguage":"fr-FR","@id":"https:\/\/caselaparks.com\/fr\/#\/schema\/logo\/image\/","url":"https:\/\/caselaparks.com\/wp-content\/uploads\/2024\/02\/casela-logo-white-1.svg","contentUrl":"https:\/\/caselaparks.com\/wp-content\/uploads\/2024\/02\/casela-logo-white-1.svg","width":104,"height":64,"caption":"Casela"},"image":{"@id":"https:\/\/caselaparks.com\/fr\/#\/schema\/logo\/image\/"}},false]}},"yasr_visitor_votes":{"stars_attributes":{"read_only":false,"span_bottom":false},"number_of_votes":0,"sum_votes":0},"_links":{"self":[{"href":"https:\/\/caselaparks.com\/fr\/wp-json\/wp\/v2\/pages\/7118","targetHints":{"allow":["GET"]}}],"collection":[{"href":"https:\/\/caselaparks.com\/fr\/wp-json\/wp\/v2\/pages"}],"about":[{"href":"https:\/\/caselaparks.com\/fr\/wp-json\/wp\/v2\/types\/page"}],"author":[{"embeddable":true,"href":"https:\/\/caselaparks.com\/fr\/wp-json\/wp\/v2\/users\/1"}],"replies":[{"embeddable":true,"href":"https:\/\/caselaparks.com\/fr\/wp-json\/wp\/v2\/comments?post=7118"}],"version-history":[{"count":0,"href":"https:\/\/caselaparks.com\/fr\/wp-json\/wp\/v2\/pages\/7118\/revisions"}],"wp:attachment":[{"href":"https:\/\/caselaparks.com\/fr\/wp-json\/wp\/v2\/media?parent=7118"}],"curies":[{"name":"wp","href":"https:\/\/api.w.org\/{rel}","templated":true}]}}