{"id":18138,"date":"2025-08-22T08:40:38","date_gmt":"2025-08-22T06:40:38","guid":{"rendered":"https:\/\/caselaparks.com\/?page_id=18138"},"modified":"2026-04-03T13:07:47","modified_gmt":"2026-04-03T11:07:47","slug":"offres-speciales","status":"publish","type":"page","link":"https:\/\/caselaparks.com\/fr\/offres-speciales\/","title":{"rendered":"Offres Sp\u00e9ciales"},"content":{"rendered":"\t\t<div data-elementor-type=\"wp-page\" data-elementor-id=\"18138\" class=\"elementor elementor-18138 elementor-16189\" data-elementor-post-type=\"page\">\n\t\t\t\t<div class=\"elementor-element elementor-element-635ee6f banner-about-us banner-wrap custom-banner-wrap casela-banner-wrap banner-wrap--medium e-flex e-con-boxed e-con e-parent\" data-id=\"635ee6f\" data-element_type=\"container\" data-e-type=\"container\" data-settings=\"{&quot;background_background&quot;:&quot;classic&quot;}\">\n\t\t\t\t\t<div class=\"e-con-inner\">\n\t\t<div class=\"elementor-element elementor-element-eab5804 e-flex e-con-boxed e-con e-child\" data-id=\"eab5804\" data-element_type=\"container\" data-e-type=\"container\">\n\t\t\t\t\t<div class=\"e-con-inner\">\n\t\t<div class=\"elementor-element elementor-element-5dcd2fa p-rel e-flex e-con-boxed e-con e-child\" data-id=\"5dcd2fa\" data-element_type=\"container\" data-e-type=\"container\">\n\t\t\t\t\t<div class=\"e-con-inner\">\n\t\t\t\t<div class=\"elementor-element elementor-element-34b3350 elementor-widget elementor-widget-heading\" data-id=\"34b3350\" data-element_type=\"widget\" data-e-type=\"widget\" data-widget_type=\"heading.default\">\n\t\t\t\t<div class=\"elementor-widget-container\">\n\t\t\t\t\t<h2 class=\"elementor-heading-title elementor-size-default\">Special Offers<\/h2>\t\t\t\t<\/div>\n\t\t\t\t<\/div>\n\t\t\t\t<div class=\"elementor-element elementor-element-c469c35 banner-subtitle heading-4 margin-t-1 elementor-widget elementor-widget-text-editor\" data-id=\"c469c35\" data-element_type=\"widget\" data-e-type=\"widget\" data-widget_type=\"text-editor.default\">\n\t\t\t\t<div class=\"elementor-widget-container\">\n\t\t\t\t\t\t\t\t\tFun in every season\t\t\t\t\t\t\t\t<\/div>\n\t\t\t\t<\/div>\n\t\t\t\t<div class=\"elementor-element elementor-element-f82dda1 elementor-align-center breadcrumbs breadcrumbs--abs elementor-widget elementor-widget-breadcrumbs\" data-id=\"f82dda1\" data-element_type=\"widget\" data-e-type=\"widget\" data-widget_type=\"breadcrumbs.default\">\n\t\t\t\t<div class=\"elementor-widget-container\">\n\t\t\t\t\t<div id=\"breadcrumbs\"><span><span><a href=\"https:\/\/caselaparks.com\/fr\/\">Accueil<\/a><\/span><\/span><\/div>\t\t\t\t<\/div>\n\t\t\t\t<\/div>\n\t\t\t\t\t<\/div>\n\t\t\t\t<\/div>\n\t\t\t\t\t<\/div>\n\t\t\t\t<\/div>\n\t\t\t\t\t<\/div>\n\t\t\t\t<\/div>\n\t\t<div class=\"elementor-element elementor-element-4a956d9 bloc-image-photo-abus centered-column-1240px media-text-block media-text-block--top-padding media-text-block--bottom-padding e-flex e-con-boxed e-con e-parent\" data-id=\"4a956d9\" data-element_type=\"container\" data-e-type=\"container\">\n\t\t\t\t\t<div class=\"e-con-inner\">\n\t\t<div class=\"elementor-element elementor-element-066a230 media-text-block common-block-padding common-block-padding--no-bottom-padding e-flex e-con-boxed e-con e-child\" data-id=\"066a230\" data-element_type=\"container\" data-e-type=\"container\">\n\t\t\t\t\t<div class=\"e-con-inner\">\n\t\t<div class=\"elementor-element elementor-element-24c41ef centered-column-900px e-con-full e-flex e-con e-child\" data-id=\"24c41ef\" data-element_type=\"container\" data-e-type=\"container\">\n\t\t\t\t<div class=\"elementor-element elementor-element-3848c3b block-subtitle elementor-widget elementor-widget-heading\" data-id=\"3848c3b\" data-element_type=\"widget\" data-e-type=\"widget\" data-widget_type=\"heading.default\">\n\t\t\t\t<div class=\"elementor-widget-container\">\n\t\t\t\t\t<h5 class=\"elementor-heading-title elementor-size-default\">Votre aventure Casela, adapt\u00e9e \u00e0 chaque saison<\/h5>\t\t\t\t<\/div>\n\t\t\t\t<\/div>\n\t\t\t\t<div class=\"elementor-element elementor-element-6da2572 block-description elementor-widget elementor-widget-text-editor\" data-id=\"6da2572\" data-element_type=\"widget\" data-e-type=\"widget\" data-widget_type=\"text-editor.default\">\n\t\t\t\t<div class=\"elementor-widget-container\">\n\t\t\t\t\t\t\t\t\tChez Casela Nature Parks, nous adaptons nos tarifs en fonction de la saison afin de vous garantir le meilleur rapport qualit\u00e9-prix et une exp\u00e9rience inoubliable tout au long de l&rsquo;ann\u00e9e.\t\t\t\t\t\t\t\t<\/div>\n\t\t\t\t<\/div>\n\t\t\t\t<div class=\"elementor-element elementor-element-7253805 elementor-widget elementor-widget-html\" data-id=\"7253805\" data-element_type=\"widget\" data-e-type=\"widget\" data-widget_type=\"html.default\">\n\t\t\t\t<div class=\"elementor-widget-container\">\n\t\t\t\t\t<!-- INLINE SINGLE ROW FILTER BUTTONS WITH FADE -->\r\n<div class=\"filter-box\">\r\n  <button class=\"filter-btn active\" data-filter=\"all\">All<\/button>\r\n  <button class=\"filter-btn\" data-filter=\"pricing-periods\">Pricing Periods<\/button>\r\n  <button class=\"filter-btn\" data-filter=\"local-offer\">Local Offer<\/button>\r\n<\/div>\r\n\r\n<style>\r\n.filter-box {\r\n  display: flex;\r\n  flex-direction: row;\r\n  gap: 10px;\r\n  flex-wrap: nowrap;\r\n  overflow-x: auto;\r\n  margin-bottom: 20px;\r\n}\r\n\r\n.filter-box::-webkit-scrollbar {\r\n  display: none;\r\n}\r\n\r\n.filter-btn {\r\n  display: inline-flex;\r\n  align-items: center;\r\n  justify-content: center;\r\n  background: #f0f0f0;\r\n  border: none;\r\n  padding: 10px 20px;\r\n  border-radius: 50px;\r\n  cursor: pointer;\r\n  font-weight: 600;\r\n  color: #333;\r\n  white-space: nowrap;\r\n  transition: all 0.3s;\r\n  flex: 0 0 auto;\r\n}\r\n\r\n.filter-btn:hover {\r\n  background: #ff5a00;\r\n  color: #fff;\r\n}\r\n\r\n.filter-btn.active {\r\n  background: #ff5a00;\r\n  color: #fff;\r\n}\r\n\r\n.elementor-post {\r\n  transition: opacity 0.4s ease, transform 0.4s ease;\r\n  opacity: 1;\r\n  position: relative;\r\n}\r\n\r\n.elementor-post.hide {\r\n  opacity: 0;\r\n  transform: translateY(20px);\r\n  pointer-events: none;\r\n  position: absolute;\r\n}\r\n<\/style>\r\n\r\n<script>\r\ndocument.addEventListener(\"DOMContentLoaded\", function () {\r\n  const buttons = document.querySelectorAll(\".filter-btn\");\r\n  const posts = document.querySelectorAll(\".elementor-post\");\r\n\r\n  buttons.forEach(btn => {\r\n    btn.addEventListener(\"click\", function () {\r\n      buttons.forEach(b => b.classList.remove(\"active\"));\r\n      this.classList.add(\"active\");\r\n\r\n      const filter = this.getAttribute(\"data-filter\");\r\n\r\n      posts.forEach(post => {\r\n        if(filter === \"all\") {\r\n          post.classList.remove(\"hide\");\r\n          post.style.position = \"relative\";\r\n        } else if(post.classList.contains(\"tag-\" + filter)) {\r\n          post.classList.remove(\"hide\");\r\n          post.style.position = \"relative\";\r\n        } else {\r\n          post.classList.add(\"hide\");\r\n        }\r\n      });\r\n    });\r\n  });\r\n});\r\n<\/script>\t\t\t\t<\/div>\n\t\t\t\t<\/div>\n\t\t\t\t<\/div>\n\t\t\t\t\t<\/div>\n\t\t\t\t<\/div>\n\t\t\t\t\t<\/div>\n\t\t\t\t<\/div>\n\t\t\t\t<\/div>\n\t\t","protected":false},"excerpt":{"rendered":"<p>Special Offers Fun in every season Votre aventure Casela, adapt\u00e9e \u00e0 chaque saison Chez Casela Nature Parks, nous adaptons nos tarifs en fonction de la saison afin de vous garantir le meilleur rapport qualit\u00e9-prix et une exp\u00e9rience inoubliable tout au long de l&rsquo;ann\u00e9e. All Pricing Periods Local Offer<\/p>\n","protected":false},"author":9,"featured_media":0,"parent":0,"menu_order":0,"comment_status":"closed","ping_status":"closed","template":"","meta":{"_acf_changed":false,"yasr_overall_rating":0,"yasr_post_is_review":"","yasr_auto_insert_disabled":"","yasr_review_type":"","footnotes":""},"class_list":["post-18138","page","type-page","status-publish","hentry"],"acf":[],"yoast_head":"<!-- This site is optimized with the Yoast SEO plugin v27.3 - https:\/\/yoast.com\/product\/yoast-seo-wordpress\/ -->\n<title>Offres Sp\u00e9ciales - Casela<\/title>\n<meta name=\"robots\" content=\"index, follow, max-snippet:-1, max-image-preview:large, max-video-preview:-1\" \/>\n<link rel=\"canonical\" href=\"https:\/\/caselaparks.com\/fr\/offres-speciales\/\" \/>\n<meta property=\"og:locale\" content=\"fr_FR\" \/>\n<meta property=\"og:type\" content=\"article\" \/>\n<meta property=\"og:title\" content=\"Offres Sp\u00e9ciales - Casela\" \/>\n<meta property=\"og:description\" content=\"Special Offers Fun in every season Votre aventure Casela, adapt\u00e9e \u00e0 chaque saison Chez Casela Nature Parks, nous adaptons nos tarifs en fonction de la saison afin de vous garantir le meilleur rapport qualit\u00e9-prix et une exp\u00e9rience inoubliable tout au long de l&rsquo;ann\u00e9e. All Pricing Periods Local Offer\" \/>\n<meta property=\"og:url\" content=\"https:\/\/caselaparks.com\/fr\/offres-speciales\/\" \/>\n<meta property=\"og:site_name\" content=\"Casela\" \/>\n<meta property=\"article:modified_time\" content=\"2026-04-03T11:07:47+00:00\" \/>\n<meta name=\"twitter:card\" content=\"summary_large_image\" \/>\n<meta name=\"twitter:label1\" content=\"Dur\u00e9e de lecture estim\u00e9e\" \/>\n\t<meta name=\"twitter:data1\" content=\"1 minute\" \/>\n<script type=\"application\/ld+json\" class=\"yoast-schema-graph\">{\"@context\":\"https:\\\/\\\/schema.org\",\"@graph\":[{\"@type\":\"WebPage\",\"@id\":\"https:\\\/\\\/caselaparks.com\\\/fr\\\/offres-speciales\\\/\",\"url\":\"https:\\\/\\\/caselaparks.com\\\/fr\\\/offres-speciales\\\/\",\"name\":\"Offres Sp\u00e9ciales - Casela\",\"isPartOf\":{\"@id\":\"https:\\\/\\\/caselaparks.com\\\/fr\\\/#website\"},\"datePublished\":\"2025-08-22T06:40:38+00:00\",\"dateModified\":\"2026-04-03T11:07:47+00:00\",\"breadcrumb\":{\"@id\":\"https:\\\/\\\/caselaparks.com\\\/fr\\\/offres-speciales\\\/#breadcrumb\"},\"inLanguage\":\"fr-FR\",\"potentialAction\":[{\"@type\":\"ReadAction\",\"target\":[\"https:\\\/\\\/caselaparks.com\\\/fr\\\/offres-speciales\\\/\"]}]},{\"@type\":\"BreadcrumbList\",\"@id\":\"https:\\\/\\\/caselaparks.com\\\/fr\\\/offres-speciales\\\/#breadcrumb\",\"itemListElement\":[{\"@type\":\"ListItem\",\"position\":1,\"name\":\"Accueil\",\"item\":\"https:\\\/\\\/caselaparks.com\\\/fr\\\/\"},{\"@type\":\"ListItem\",\"position\":2,\"name\":\"Offres Sp\u00e9ciales\"}]},{\"@type\":\"WebSite\",\"@id\":\"https:\\\/\\\/caselaparks.com\\\/fr\\\/#website\",\"url\":\"https:\\\/\\\/caselaparks.com\\\/fr\\\/\",\"name\":\"Casela\",\"description\":\"\",\"publisher\":{\"@id\":\"https:\\\/\\\/caselaparks.com\\\/fr\\\/#organization\"},\"potentialAction\":[{\"@type\":\"SearchAction\",\"target\":{\"@type\":\"EntryPoint\",\"urlTemplate\":\"https:\\\/\\\/caselaparks.com\\\/fr\\\/?s={search_term_string}\"},\"query-input\":{\"@type\":\"PropertyValueSpecification\",\"valueRequired\":true,\"valueName\":\"search_term_string\"}}],\"inLanguage\":\"fr-FR\"},{\"@type\":\"Organization\",\"@id\":\"https:\\\/\\\/caselaparks.com\\\/fr\\\/#organization\",\"name\":\"Casela\",\"url\":\"https:\\\/\\\/caselaparks.com\\\/fr\\\/\",\"logo\":{\"@type\":\"ImageObject\",\"inLanguage\":\"fr-FR\",\"@id\":\"https:\\\/\\\/caselaparks.com\\\/fr\\\/#\\\/schema\\\/logo\\\/image\\\/\",\"url\":\"https:\\\/\\\/caselaparks.com\\\/wp-content\\\/uploads\\\/2024\\\/02\\\/casela-logo-white-1.svg\",\"contentUrl\":\"https:\\\/\\\/caselaparks.com\\\/wp-content\\\/uploads\\\/2024\\\/02\\\/casela-logo-white-1.svg\",\"width\":104,\"height\":64,\"caption\":\"Casela\"},\"image\":{\"@id\":\"https:\\\/\\\/caselaparks.com\\\/fr\\\/#\\\/schema\\\/logo\\\/image\\\/\"}},false]}<\/script>\n<!-- \/ Yoast SEO plugin. -->","yoast_head_json":{"title":"Offres Sp\u00e9ciales - Casela","robots":{"index":"index","follow":"follow","max-snippet":"max-snippet:-1","max-image-preview":"max-image-preview:large","max-video-preview":"max-video-preview:-1"},"canonical":"https:\/\/caselaparks.com\/fr\/offres-speciales\/","og_locale":"fr_FR","og_type":"article","og_title":"Offres Sp\u00e9ciales - Casela","og_description":"Special Offers Fun in every season Votre aventure Casela, adapt\u00e9e \u00e0 chaque saison Chez Casela Nature Parks, nous adaptons nos tarifs en fonction de la saison afin de vous garantir le meilleur rapport qualit\u00e9-prix et une exp\u00e9rience inoubliable tout au long de l&rsquo;ann\u00e9e. All Pricing Periods Local Offer","og_url":"https:\/\/caselaparks.com\/fr\/offres-speciales\/","og_site_name":"Casela","article_modified_time":"2026-04-03T11:07:47+00:00","twitter_card":"summary_large_image","twitter_misc":{"Dur\u00e9e de lecture estim\u00e9e":"1 minute"},"schema":{"@context":"https:\/\/schema.org","@graph":[{"@type":"WebPage","@id":"https:\/\/caselaparks.com\/fr\/offres-speciales\/","url":"https:\/\/caselaparks.com\/fr\/offres-speciales\/","name":"Offres Sp\u00e9ciales - Casela","isPartOf":{"@id":"https:\/\/caselaparks.com\/fr\/#website"},"datePublished":"2025-08-22T06:40:38+00:00","dateModified":"2026-04-03T11:07:47+00:00","breadcrumb":{"@id":"https:\/\/caselaparks.com\/fr\/offres-speciales\/#breadcrumb"},"inLanguage":"fr-FR","potentialAction":[{"@type":"ReadAction","target":["https:\/\/caselaparks.com\/fr\/offres-speciales\/"]}]},{"@type":"BreadcrumbList","@id":"https:\/\/caselaparks.com\/fr\/offres-speciales\/#breadcrumb","itemListElement":[{"@type":"ListItem","position":1,"name":"Accueil","item":"https:\/\/caselaparks.com\/fr\/"},{"@type":"ListItem","position":2,"name":"Offres Sp\u00e9ciales"}]},{"@type":"WebSite","@id":"https:\/\/caselaparks.com\/fr\/#website","url":"https:\/\/caselaparks.com\/fr\/","name":"Casela","description":"","publisher":{"@id":"https:\/\/caselaparks.com\/fr\/#organization"},"potentialAction":[{"@type":"SearchAction","target":{"@type":"EntryPoint","urlTemplate":"https:\/\/caselaparks.com\/fr\/?s={search_term_string}"},"query-input":{"@type":"PropertyValueSpecification","valueRequired":true,"valueName":"search_term_string"}}],"inLanguage":"fr-FR"},{"@type":"Organization","@id":"https:\/\/caselaparks.com\/fr\/#organization","name":"Casela","url":"https:\/\/caselaparks.com\/fr\/","logo":{"@type":"ImageObject","inLanguage":"fr-FR","@id":"https:\/\/caselaparks.com\/fr\/#\/schema\/logo\/image\/","url":"https:\/\/caselaparks.com\/wp-content\/uploads\/2024\/02\/casela-logo-white-1.svg","contentUrl":"https:\/\/caselaparks.com\/wp-content\/uploads\/2024\/02\/casela-logo-white-1.svg","width":104,"height":64,"caption":"Casela"},"image":{"@id":"https:\/\/caselaparks.com\/fr\/#\/schema\/logo\/image\/"}},false]}},"yasr_visitor_votes":{"stars_attributes":{"read_only":false,"span_bottom":false},"number_of_votes":0,"sum_votes":0},"_links":{"self":[{"href":"https:\/\/caselaparks.com\/fr\/wp-json\/wp\/v2\/pages\/18138","targetHints":{"allow":["GET"]}}],"collection":[{"href":"https:\/\/caselaparks.com\/fr\/wp-json\/wp\/v2\/pages"}],"about":[{"href":"https:\/\/caselaparks.com\/fr\/wp-json\/wp\/v2\/types\/page"}],"author":[{"embeddable":true,"href":"https:\/\/caselaparks.com\/fr\/wp-json\/wp\/v2\/users\/9"}],"replies":[{"embeddable":true,"href":"https:\/\/caselaparks.com\/fr\/wp-json\/wp\/v2\/comments?post=18138"}],"version-history":[{"count":4,"href":"https:\/\/caselaparks.com\/fr\/wp-json\/wp\/v2\/pages\/18138\/revisions"}],"predecessor-version":[{"id":18149,"href":"https:\/\/caselaparks.com\/fr\/wp-json\/wp\/v2\/pages\/18138\/revisions\/18149"}],"wp:attachment":[{"href":"https:\/\/caselaparks.com\/fr\/wp-json\/wp\/v2\/media?parent=18138"}],"curies":[{"name":"wp","href":"https:\/\/api.w.org\/{rel}","templated":true}]}}